{"id":16501,"date":"2021-12-23T14:42:48","date_gmt":"2021-12-23T13:42:48","guid":{"rendered":"https:\/\/www.afryglobalchannel.com\/accueil\/"},"modified":"2022-12-20T16:44:06","modified_gmt":"2022-12-20T15:44:06","slug":"accueil","status":"publish","type":"page","link":"https:\/\/www.afryglobalchannel.com\/fr\/","title":{"rendered":"Accueil"},"content":{"rendered":"<p>[vc_row type=\u00a0\u00bbfull_width_section\u00a0\u00bb bg_image=\u00a0\u00bb16300&Prime; parallax_bg=\u00a0\u00bbtrue\u00a0\u00bb top_padding=\u00a0\u00bb360&Prime; bottom_padding=\u00a0\u00bb270&Prime; bg_position=\u00a0\u00bbleft top\u00a0\u00bb][vc_column width=\u00a0\u00bb1\/2&Prime;][\/vc_column][vc_column width=\u00a0\u00bb1\/2&Prime;]<div class=\"headline font-inherit fontsize-inherit fontweight-700 lh-12 align-left transform-uppercase superlarge home-header-title\" style=\"margin: 0; color: #163e35;\">Afry Global Channel<\/div><h2 class=\"headline font-special fontsize-m fontweight-700 lh-inherit align-left transform-uppercase home-header-subtitle\" style=\"margin: 20px 0 0px 0; color: #ffffff;\">\u00c1frica es el mayor mercado del mundo,<br \/>\nentra con el mejor partner.<\/h2>[\/vc_column][\/vc_row][vc_row top_padding=\u00a0\u00bb100&Prime; bottom_padding=\u00a0\u00bb100&Prime; bg_position=\u00a0\u00bbleft top\u00a0\u00bb][vc_column width=\u00a0\u00bb1\/3&Prime;]<h3 class=\"headline font-special fontsize-l fontweight-700 lh-inherit align-left transform-uppercase \" style=\"margin: 0 0 20px 0; color: #333333;\">Qui sommes nous?<\/h3><div class=\"divider divider5\" style='margin:0 !important;'><\/div>[\/vc_column][vc_column width=\u00a0\u00bb2\/3&Prime;][vc_column_text]<b>Afry Global Channel<\/b> somos la puerta de entrada de las marcas a \u00c1frica y su gu\u00eda para reconocer y trabajar con los mejores puntos de venta del continente.<\/p>\n<p>Conocemos el Retail en \u00c1frica. Sabemos d\u00f3nde y cu\u00e1ndo acercarnos a cada cliente y c\u00f3mo negociar para ubicar los productos en los mejores espacios de los puntos de venta.[\/vc_column_text][vc_column_text]<a href=\"https:\/\/www.afryglobalchannel.com\/nosotros\/\" target=\"_self\" class=\"button color-2 large \" style=\"border-radius: 2px;\">Contactez-nous<\/a> <a href=\"https:\/\/www.afryglobalchannel.com\/contacto\/\" target=\"_self\" class=\"button color-3 large \" style=\"border-radius: 2px;\">Nous conna\u00eetre<\/a>[\/vc_column_text][\/vc_column][\/vc_row][vc_row type=\u00a0\u00bbfull_width_section\u00a0\u00bb bg_position=\u00a0\u00bbleft top\u00a0\u00bb][vc_column width=\u00a0\u00bb1\/1&Prime;]<div class=\"divider divider1\" style='margin:0 !important;'><\/div>[\/vc_column][\/vc_row][vc_row bg_color=\u00a0\u00bb#163e35&Prime; text_color=\u00a0\u00bblight\u00a0\u00bb top_padding=\u00a0\u00bb100&Prime; bottom_padding=\u00a0\u00bb100&Prime; bg_position=\u00a0\u00bbleft top\u00a0\u00bb][vc_column width=\u00a0\u00bb1\/3&Prime;]<h3 class=\"headline font-special fontsize-l fontweight-700 lh-inherit align-left transform-uppercase \" style=\"margin: 0 0 20px 0; color: #ffffff;\">Nos marques<\/h3><div class=\"divider divider5\" style='margin:0 !important;'><\/div>[\/vc_column][vc_column width=\u00a0\u00bb2\/3&Prime;][vc_column_text]<strong>Cuidamos las marcas y las hacemos crecer en los diferentes mercados de \u00c1frica.<\/strong><\/p>\n<p>Analizamos de forma certera la oferta y la demanda en cada territorio, nos adelantamos a las tendencias y establecemos las pol\u00edticas de precio adecuadas para cada pa\u00eds.<\/p>\n<p>Estas son las categor\u00edas de productos con las que trabajamos:[\/vc_column_text][\/vc_column][\/vc_row][vc_row type=\u00a0\u00bbfull_width_section\u00a0\u00bb class=\u00a0\u00bbcategories-list\u00a0\u00bb bg_position=\u00a0\u00bbleft top\u00a0\u00bb][vc_column width=\u00a0\u00bb1\/4&Prime;]<a href=\"https:\/\/www.afryglobalchannel.com\/es\/categorias\/\" target=\"_self\" class=\"catimage wpb_content_element color-light\" style=\"height: 350px;\">\n\t\t\t<span style=\"background-image: url(https:\/\/www.afryglobalchannel.com\/wp-content\/uploads\/2021\/11\/afry-home-apparel.jpg); height: 350px;\"><\/span>\n\t\t\t<div class=\"catimage-overlay clearfix\" style=\"height: 350px;\">\n\t\t\t\t<div class=\"catimage-text\">Ropa, calzado y accesorios<\/div>\n\t\t\t<\/div><\/a>[\/vc_column][vc_column width=\u00a0\u00bb1\/4&Prime;]<a href=\"https:\/\/www.afryglobalchannel.com\/es\/categorias\/\" target=\"_self\" class=\"catimage wpb_content_element color-light\" style=\"height: 350px;\">\n\t\t\t<span style=\"background-image: url(https:\/\/www.afryglobalchannel.com\/wp-content\/uploads\/2021\/11\/afry-categoria-watches-jewelry-v3.jpg); height: 350px;\"><\/span>\n\t\t\t<div class=\"catimage-overlay clearfix\" style=\"height: 350px;\">\n\t\t\t\t<div class=\"catimage-text\">Relojes y Joyer\u00eda<\/div>\n\t\t\t<\/div><\/a>[\/vc_column][vc_column width=\u00a0\u00bb1\/4&Prime;]<a href=\"https:\/\/www.afryglobalchannel.com\/es\/categorias\/\" target=\"_self\" class=\"catimage wpb_content_element color-light\" style=\"height: 350px;\">\n\t\t\t<span style=\"background-image: url(https:\/\/www.afryglobalchannel.com\/wp-content\/uploads\/2021\/11\/afry-home-household.jpg); height: 350px;\"><\/span>\n\t\t\t<div class=\"catimage-overlay clearfix\" style=\"height: 350px;\">\n\t\t\t\t<div class=\"catimage-text\">Hogar y decoraci\u00f3n<\/div>\n\t\t\t<\/div><\/a>[\/vc_column][vc_column width=\u00a0\u00bb1\/4&Prime;]<a href=\"https:\/\/www.afryglobalchannel.com\/es\/categorias\/\" target=\"_self\" class=\"catimage wpb_content_element color-light\" style=\"height: 350px;\">\n\t\t\t<span style=\"background-image: url(https:\/\/www.afryglobalchannel.com\/wp-content\/uploads\/2021\/11\/afry-home-leathergoods.jpg); height: 350px;\"><\/span>\n\t\t\t<div class=\"catimage-overlay clearfix\" style=\"height: 350px;\">\n\t\t\t\t<div class=\"catimage-text\">Marroquiner\u00eda y art\u00edculos de viaje<\/div>\n\t\t\t<\/div><\/a>[\/vc_column][\/vc_row][vc_row type=\u00a0\u00bbfull_width_section\u00a0\u00bb bg_color=\u00a0\u00bb#163e35&Prime; class=\u00a0\u00bbcategories-list\u00a0\u00bb bg_position=\u00a0\u00bbleft top\u00a0\u00bb][vc_column width=\u00a0\u00bb1\/4&Prime;]<a href=\"https:\/\/www.afryglobalchannel.com\/es\/categorias\/\" target=\"_self\" class=\"catimage wpb_content_element color-light\" style=\"height: 350px;\">\n\t\t\t<span style=\"background-image: url(https:\/\/www.afryglobalchannel.com\/wp-content\/uploads\/2021\/11\/afry-home-food-and-beverages.jpg); height: 350px;\"><\/span>\n\t\t\t<div class=\"catimage-overlay clearfix\" style=\"height: 350px;\">\n\t\t\t\t<div class=\"catimage-text\">Vinos, licores y productos gastron\u00f3micos<\/div>\n\t\t\t<\/div><\/a>[\/vc_column][vc_column width=\u00a0\u00bb1\/4&Prime;]<a href=\"https:\/\/www.afryglobalchannel.com\/es\/categorias\/\" target=\"_self\" class=\"catimage wpb_content_element color-light\" style=\"height: 350px;\">\n\t\t\t<span style=\"background-image: url(https:\/\/www.afryglobalchannel.com\/wp-content\/uploads\/2021\/11\/afry-home-sports-and-outdoor.jpg); height: 350px;\"><\/span>\n\t\t\t<div class=\"catimage-overlay clearfix\" style=\"height: 350px;\">\n\t\t\t\t<div class=\"catimage-text\">Deporte y actividades al aire libre<\/div>\n\t\t\t<\/div><\/a>[\/vc_column][vc_column width=\u00a0\u00bb1\/4&Prime;]<a href=\"https:\/\/www.afryglobalchannel.com\/es\/categorias\/\" target=\"_self\" class=\"catimage wpb_content_element color-light\" style=\"height: 350px;\">\n\t\t\t<span style=\"background-image: url(https:\/\/www.afryglobalchannel.com\/wp-content\/uploads\/2021\/11\/afry-home-cosmetics.jpg); height: 350px;\"><\/span>\n\t\t\t<div class=\"catimage-overlay clearfix\" style=\"height: 350px;\">\n\t\t\t\t<div class=\"catimage-text\">Belleza y cuidado personal<\/div>\n\t\t\t<\/div><\/a>[\/vc_column][vc_column column_center=\u00a0\u00bbtrue\u00a0\u00bb width=\u00a0\u00bb1\/4&Prime;]<h1 class=\"headline font-inherit fontsize-l fontweight-500 lh-inherit align-left transform-uppercase \" style=\"margin: 30px 30px 30px 30px; color: #ffffff;\">Contacta con nosotros para saber m\u00e1s.<\/h1>[vc_column_text el_class=\u00a0\u00bbdamero-button\u00a0\u00bb]<a href=\"https:\/\/www.afryglobalchannel.com\/contacto\/\" target=\"_self\" class=\"button color-3 large \" style=\"border-radius: 2px;\">Contacter<\/a>[\/vc_column_text][\/vc_column][\/vc_row][vc_row type=\u00a0\u00bbfull_width_section\u00a0\u00bb bg_position=\u00a0\u00bbleft top\u00a0\u00bb][vc_column width=\u00a0\u00bb1\/1&Prime;][\/vc_column][\/vc_row][vc_row bg_color=\u00a0\u00bb#fafafa\u00a0\u00bb top_padding=\u00a0\u00bb100&Prime; bottom_padding=\u00a0\u00bb100&Prime; bg_position=\u00a0\u00bbleft top\u00a0\u00bb][vc_column width=\u00a0\u00bb1\/3&Prime;]<h3 class=\"headline font-special fontsize-l fontweight-700 lh-inherit align-left transform-uppercase \" style=\"margin: 0 0 20px 0; color: #333333;\">Pourquoi Afry Global Channel?<\/h3><div class=\"divider divider5\" style='margin:0 !important;'><\/div>[\/vc_column][vc_column width=\u00a0\u00bb2\/3&Prime;][vc_column_text]<\/p>\n<p class=\"font-special\"><strong>Amplia experiencia en la distribuci\u00f3n de marcas en \u00c1frica<\/strong><\/p>\n<p>Adem\u00e1s de conocer las marcas a las que acompa\u00f1amos y sus posibilidades, conocemos perfectamente los senderos que pueden recorrerse y sus dificultades.<\/p>\n<p class=\"font-special\"><strong>Implementamos estrategias globales de marketing y preservamos la imagen de marca<\/strong><\/p>\n<p>Realizamos la prospecci\u00f3n de los mercados m\u00e1s adecuados y protegemos la reputaci\u00f3n de la marca aplicando las estrategias globales de marketing en el continente.<\/p>\n<p class=\"font-special\"><strong>Somos la puerta de entrada al mercado africano<\/strong><\/p>\n<p>Entendemos el mercado local y la importancia para la marca de elegir al socio adecuado, quien se asegurar\u00e1 de preservar su imagen y aumentar la notoriedad de marca en \u00c1frica.[\/vc_column_text][vc_column_text]<a href=\"https:\/\/www.afryglobalchannel.com\/nosotros\/\" target=\"_self\" class=\"button color-2 large \" style=\"border-radius: 2px;\">Contactez-nous<\/a> <a href=\"https:\/\/www.afryglobalchannel.com\/contacto\/\" target=\"_self\" class=\"button color-3 large \" style=\"border-radius: 2px;\">Nous conna\u00eetre<\/a>[\/vc_column_text][\/vc_column][\/vc_row][vc_row bg_color=\u00a0\u00bb#f4f5f7&Prime;][vc_column width=\u00a0\u00bb1\/1&Prime;]<div class=\"single_image wpb_content_element align-center    \" data-animation=\"none\" data-delay=\"0\"><img loading=\"lazy\" decoding=\"async\" width=\"1920\" height=\"1080\" src=\"https:\/\/www.afryglobalchannel.com\/wp-content\/uploads\/2022\/12\/afry-global-096.jpg\" class=\"attachment-full\" alt=\"\" srcset=\"https:\/\/www.afryglobalchannel.com\/wp-content\/uploads\/2022\/12\/afry-global-096.jpg 1920w, https:\/\/www.afryglobalchannel.com\/wp-content\/uploads\/2022\/12\/afry-global-096-300x169.jpg 300w, https:\/\/www.afryglobalchannel.com\/wp-content\/uploads\/2022\/12\/afry-global-096-1024x576.jpg 1024w, https:\/\/www.afryglobalchannel.com\/wp-content\/uploads\/2022\/12\/afry-global-096-768x432.jpg 768w, https:\/\/www.afryglobalchannel.com\/wp-content\/uploads\/2022\/12\/afry-global-096-1536x864.jpg 1536w, https:\/\/www.afryglobalchannel.com\/wp-content\/uploads\/2022\/12\/afry-global-096-1000x563.jpg 1000w\" sizes=\"auto, (max-width: 1920px) 100vw, 1920px\" \/><\/div>[\/vc_column][\/vc_row]<\/p>\n","protected":false},"excerpt":{"rendered":"<p>[vc_row type=\u00a0\u00bbfull_width_section\u00a0\u00bb bg_image=\u00a0\u00bb16300&Prime; parallax_bg=\u00a0\u00bbtrue\u00a0\u00bb top_padding=\u00a0\u00bb360&Prime; bottom_padding=\u00a0\u00bb270&Prime; bg_position=\u00a0\u00bbleft top\u00a0\u00bb][vc_column width=\u00a0\u00bb1\/2&Prime;][\/vc_column][vc_column width=\u00a0\u00bb1\/2&Prime;][\/vc_column][\/vc_row][vc_row top_padding=\u00a0\u00bb100&Prime; bottom_padding=\u00a0\u00bb100&Prime; bg_position=\u00a0\u00bbleft top\u00a0\u00bb][vc_column width=\u00a0\u00bb1\/3&Prime;][\/vc_column][vc_column width=\u00a0\u00bb2\/3&Prime;][vc_column_text]Afry Global Channel somos la puerta de entrada de las marcas a \u00c1frica y su gu\u00eda para reconocer y trabajar con los mejores puntos de venta del continente. Conocemos el Retail en \u00c1frica. Sabemos d\u00f3nde y cu\u00e1ndo acercarnos a cada cliente y c\u00f3mo negociar para ubicar los productos en los mejores espacios de los puntos de venta.[\/vc_column_text][vc_column_text] [\/vc_column_text][\/vc_column][\/vc_row][vc_row type=\u00a0\u00bbfull_width_section\u00a0\u00bb bg_position=\u00a0\u00bbleft top\u00a0\u00bb][vc_column width=\u00a0\u00bb1\/1&Prime;][\/vc_column][\/vc_row][vc_row bg_color=\u00a0\u00bb#163e35&Prime; text_color=\u00a0\u00bblight\u00a0\u00bb top_padding=\u00a0\u00bb100&Prime; bottom_padding=\u00a0\u00bb100&Prime; bg_position=\u00a0\u00bbleft top\u00a0\u00bb][vc_column width=\u00a0\u00bb1\/3&Prime;][\/vc_column][vc_column width=\u00a0\u00bb2\/3&Prime;][vc_column_text]Cuidamos las marcas y las hacemos crecer en los diferentes mercados de \u00c1frica. Analizamos de forma certera la oferta y la demanda en cada territorio, nos adelantamos a las tendencias y establecemos las pol\u00edticas de precio adecuadas para cada pa\u00eds. Estas son las categor\u00edas de productos con las que trabajamos:[\/vc_column_text][\/vc_column][\/vc_row][vc_row type=\u00a0\u00bbfull_width_section\u00a0\u00bb class=\u00a0\u00bbcategories-list\u00a0\u00bb bg_position=\u00a0\u00bbleft top\u00a0\u00bb][vc_column width=\u00a0\u00bb1\/4&Prime;][\/vc_column][vc_column width=\u00a0\u00bb1\/4&Prime;][\/vc_column][vc_column width=\u00a0\u00bb1\/4&Prime;][\/vc_column][vc_column width=\u00a0\u00bb1\/4&Prime;][\/vc_column][\/vc_row][vc_row type=\u00a0\u00bbfull_width_section\u00a0\u00bb bg_color=\u00a0\u00bb#163e35&Prime; class=\u00a0\u00bbcategories-list\u00a0\u00bb bg_position=\u00a0\u00bbleft top\u00a0\u00bb][vc_column width=\u00a0\u00bb1\/4&Prime;][\/vc_column][vc_column width=\u00a0\u00bb1\/4&Prime;][\/vc_column][vc_column width=\u00a0\u00bb1\/4&Prime;][\/vc_column][vc_column column_center=\u00a0\u00bbtrue\u00a0\u00bb width=\u00a0\u00bb1\/4&Prime;][vc_column_text el_class=\u00a0\u00bbdamero-button\u00a0\u00bb][\/vc_column_text][\/vc_column][\/vc_row][vc_row type=\u00a0\u00bbfull_width_section\u00a0\u00bb bg_position=\u00a0\u00bbleft top\u00a0\u00bb][vc_column width=\u00a0\u00bb1\/1&Prime;][\/vc_column][\/vc_row][vc_row bg_color=\u00a0\u00bb#fafafa\u00a0\u00bb top_padding=\u00a0\u00bb100&Prime; bottom_padding=\u00a0\u00bb100&Prime; bg_position=\u00a0\u00bbleft top\u00a0\u00bb][vc_column width=\u00a0\u00bb1\/3&Prime;][\/vc_column][vc_column width=\u00a0\u00bb2\/3&Prime;][vc_column_text] Amplia experiencia en la distribuci\u00f3n de marcas en \u00c1frica Adem\u00e1s de conocer las marcas a las que acompa\u00f1amos y sus posibilidades, conocemos perfectamente los senderos que pueden recorrerse y sus dificultades. Implementamos estrategias globales de marketing [&hellip;]<\/p>\n","protected":false},"author":7,"featured_media":0,"parent":0,"menu_order":0,"comment_status":"closed","ping_status":"closed","template":"","meta":{"footnotes":""},"class_list":["post-16501","page","type-page","status-publish","hentry"],"_links":{"self":[{"href":"https:\/\/www.afryglobalchannel.com\/fr\/wp-json\/wp\/v2\/pages\/16501","targetHints":{"allow":["GET"]}}],"collection":[{"href":"https:\/\/www.afryglobalchannel.com\/fr\/wp-json\/wp\/v2\/pages"}],"about":[{"href":"https:\/\/www.afryglobalchannel.com\/fr\/wp-json\/wp\/v2\/types\/page"}],"author":[{"embeddable":true,"href":"https:\/\/www.afryglobalchannel.com\/fr\/wp-json\/wp\/v2\/users\/7"}],"replies":[{"embeddable":true,"href":"https:\/\/www.afryglobalchannel.com\/fr\/wp-json\/wp\/v2\/comments?post=16501"}],"version-history":[{"count":0,"href":"https:\/\/www.afryglobalchannel.com\/fr\/wp-json\/wp\/v2\/pages\/16501\/revisions"}],"wp:attachment":[{"href":"https:\/\/www.afryglobalchannel.com\/fr\/wp-json\/wp\/v2\/media?parent=16501"}],"curies":[{"name":"wp","href":"https:\/\/api.w.org\/{rel}","templated":true}]}}