{"id":16655,"date":"2023-02-04T16:02:38","date_gmt":"2023-02-04T15:02:38","guid":{"rendered":"https:\/\/www.afryglobalchannel.com\/impacto-social\/"},"modified":"2023-02-04T16:03:29","modified_gmt":"2023-02-04T15:03:29","slug":"impacto-social","status":"publish","type":"page","link":"https:\/\/www.afryglobalchannel.com\/es\/impacto-social\/","title":{"rendered":"Impacto Social"},"content":{"rendered":"<p>[vc_row bg_image=\u00bb16642&#8243; bg_color=\u00bb#00783f\u00bb top_padding=\u00bb210&#8243; bottom_padding=\u00bb120&#8243; bg_position=\u00bbcenter center\u00bb][vc_column width=\u00bb1\/1&#8243;]<h1 class=\"headline font-special fontsize-xxxl fontweight-700 lh-13 align-left transform-inherit lowercase\" style=\"margin: 0 0 20px 0; color: #ffffff;\">Impacto Social<\/h1><div class=\"headline font-inherit fontsize-xxl fontweight-300 lh-inherit align-left transform-inherit \" style=\"margin: 0; color: #ffffff;\">We care. We act<\/div>[\/vc_column][\/vc_row][vc_row top_padding=\u00bb120&#8243; bottom_padding=\u00bb120&#8243; bg_position=\u00bbleft top\u00bb][vc_column width=\u00bb1\/1&#8243;]<div class=\"headline font-inherit fontsize-m fontweight-inherit lh-inherit align-center transform-inherit \" style=\"margin: 0 0 20px 0; color: #000000;\">En AFRY GLOBAL CHANNEL estamos comprometidos en mejorar la calidad de vida de las comunidades y buscamos tener un impacto positivo en el mundo a trav\u00e9s de nuestro trabajo. Nuestro objetivo es contribuir al desarrollo social, econ\u00f3mico y medioambiental en \u00c1frica mediante nuestras inversiones y alianzas con las partes interesadas locales y los servicios prestados.<\/div>[\/vc_column][\/vc_row][vc_row type=\u00bbfull_width_section\u00bb bg_position=\u00bbleft top\u00bb][vc_column bg_color=\u00bb#222222&#8243; column_padding=\u00bbpadding-3&#8243; column_center=\u00bbtrue\u00bb text_color=\u00bblight\u00bb width=\u00bb1\/3&#8243;][vc_column_text]Siguiendo esta filosof\u00eda, estamos muy orgullosos de colaborar con Bicicletas Sin Fronteras en Senegal, una organizaci\u00f3n dedicada a proporcionar medios de transporte sostenibles a comunidades vulnerables.[\/vc_column_text][\/vc_column][vc_column el_class=\u00bbmap-block\u00bb bg_image=\u00bb16615&#8243; column_padding=\u00bbpadding-5&#8243; column_center=\u00bbtrue\u00bb text_align=\u00bbcenter\u00bb width=\u00bb1\/3&#8243;]<div class=\"spacer\" style=\"height: 350px;\"><\/div>[\/vc_column][vc_column bg_color=\u00bb#163e35&#8243; bg_image=\u00bb15109&#8243; column_padding=\u00bbpadding-3&#8243; column_center=\u00bbtrue\u00bb text_color=\u00bblight\u00bb width=\u00bb1\/3&#8243;][vc_column_text]Creemos que el acceso al transporte es un derecho fundamental y nos satisface ayudar a Bicicletas Sin Fronteras en su misi\u00f3n de hacerlo realidad para personas en todo el mundo. Esta iniciativa no solo mejora la seguridad del transporte, sino que tambi\u00e9n garantiza el acceso a la educaci\u00f3n, la atenci\u00f3n m\u00e9dica y m\u00e1s oportunidades econ\u00f3micas.<\/p>\n<p>Together we grow.[\/vc_column_text][\/vc_column][\/vc_row][vc_row type=\u00bbfull_width_section\u00bb bg_position=\u00bbleft top\u00bb][vc_column bg_image=\u00bb16611&#8243; column_padding=\u00bbpadding-5&#8243; column_center=\u00bbtrue\u00bb width=\u00bb1\/3&#8243;]<div class=\"spacer\" style=\"height: 500px;\"><\/div>[\/vc_column][vc_column bg_color=\u00bb#00783f\u00bb column_padding=\u00bbpadding-3&#8243; column_center=\u00bbtrue\u00bb text_color=\u00bblight\u00bb width=\u00bb1\/3&#8243;][vc_column_text]Colaborando con Bicicletas Sin Fronteras, podemos aprovechar nuestros recursos, conocimientos y relaciones para alcanzar un impacto duradero y sostenible. Estamos convencidos de que, juntos, podemos hacer una verdadera diferencia en las vidas de aquellos que m\u00e1s lo necesitan.[\/vc_column_text][\/vc_column][vc_column bg_image=\u00bb16619&#8243; column_padding=\u00bbpadding-5&#8243; column_center=\u00bbtrue\u00bb width=\u00bb1\/3&#8243;]<div class=\"spacer\" style=\"height: 500px;\"><\/div>[\/vc_column][\/vc_row][vc_row top_padding=\u00bb100&#8243; bottom_padding=\u00bb100&#8243;][vc_column width=\u00bb2\/3&#8243;]<div class=\"headline font-inherit fontsize-m fontweight-inherit lh-19 align-left transform-inherit \" style=\"margin: 0; color: #000000;\">Conocemos el comercio minorista en \u00c1frica. Sabemos d\u00f3nde y cu\u00e1ndo acercarnos a cada cliente y c\u00f3mo negociar para colocar los productos en los mejores espacios de los puntos de venta.<\/div>[\/vc_column][vc_column text_align=\u00bbright\u00bb width=\u00bb1\/3&#8243;][vc_column_text]<a href=\"https:\/\/www.afryglobalchannel.com\/en\/contact\/\" target=\"_self\" class=\"button color-2 large \" style=\"border-radius: 2px;\">Contact<\/a> <a href=\"https:\/\/www.afryglobalchannel.com\/en\/categories\/\" target=\"_self\" class=\"button color-3 large \" style=\"border-radius: 2px;\">categories<\/a>[\/vc_column_text][\/vc_column][\/vc_row][vc_row bg_color=\u00bb#163e35&#8243; text_color=\u00bblight\u00bb text_align=\u00bbcenter\u00bb top_padding=\u00bb120&#8243; bottom_padding=\u00bb120&#8243;][vc_column width=\u00bb1\/1&#8243;]<h2 class=\"headline font-special fontsize-xl fontweight-700 lh-inherit align-center transform-uppercase \" style=\"margin: 0 0 20px 0;\">Our offices<\/h2><div class=\"headline font-inherit fontsize-m fontweight-400 lh-inherit align-center transform-inherit \" style=\"margin: 0 0 40px 0; color: #ffffff;\">We have offices in Dakar, capital of Senegal, where you can contact our team. It is from here that we work all our strategy on the continent, especially in West Africa.<\/p>\n<p>SICAP Libert\u00e9 6, at num\u00e9ro 8007, rue LIB 93 X Rue LIB 66, au 3\u00e8me \u00e9tage, Appartement 3B, Dakar, Senegal.<\/div>[vc_column_text]<a href=\"https:\/\/www.afryglobalchannel.com\/en\/contact\/\" target=\"_self\" class=\"button color-8 large \" style=\"border-radius: 2px;\">CONTACTAR<\/a>[\/vc_column_text][\/vc_column][\/vc_row]<\/p>\n","protected":false},"excerpt":{"rendered":"<p>[vc_row bg_image=\u00bb16642&#8243; bg_color=\u00bb#00783f\u00bb top_padding=\u00bb210&#8243; bottom_padding=\u00bb120&#8243; bg_position=\u00bbcenter center\u00bb][vc_column width=\u00bb1\/1&#8243;][\/vc_column][\/vc_row][vc_row top_padding=\u00bb120&#8243; bottom_padding=\u00bb120&#8243; bg_position=\u00bbleft top\u00bb][vc_column width=\u00bb1\/1&#8243;][\/vc_column][\/vc_row][vc_row type=\u00bbfull_width_section\u00bb bg_position=\u00bbleft top\u00bb][vc_column bg_color=\u00bb#222222&#8243; column_padding=\u00bbpadding-3&#8243; column_center=\u00bbtrue\u00bb text_color=\u00bblight\u00bb width=\u00bb1\/3&#8243;][vc_column_text]Siguiendo esta filosof\u00eda, estamos muy orgullosos de colaborar con Bicicletas Sin Fronteras en Senegal, una organizaci\u00f3n dedicada a proporcionar medios de transporte sostenibles a comunidades vulnerables.[\/vc_column_text][\/vc_column][vc_column el_class=\u00bbmap-block\u00bb bg_image=\u00bb16615&#8243; column_padding=\u00bbpadding-5&#8243; column_center=\u00bbtrue\u00bb text_align=\u00bbcenter\u00bb width=\u00bb1\/3&#8243;][\/vc_column][vc_column bg_color=\u00bb#163e35&#8243; bg_image=\u00bb15109&#8243; column_padding=\u00bbpadding-3&#8243; column_center=\u00bbtrue\u00bb text_color=\u00bblight\u00bb width=\u00bb1\/3&#8243;][vc_column_text]Creemos que el acceso al transporte es un derecho fundamental y nos satisface ayudar a Bicicletas Sin Fronteras en su misi\u00f3n de hacerlo realidad para personas en todo el mundo. Esta iniciativa no solo mejora la seguridad del transporte, sino que tambi\u00e9n garantiza el acceso a la educaci\u00f3n, la atenci\u00f3n m\u00e9dica y m\u00e1s oportunidades econ\u00f3micas. Together we grow.[\/vc_column_text][\/vc_column][\/vc_row][vc_row type=\u00bbfull_width_section\u00bb bg_position=\u00bbleft top\u00bb][vc_column bg_image=\u00bb16611&#8243; column_padding=\u00bbpadding-5&#8243; column_center=\u00bbtrue\u00bb width=\u00bb1\/3&#8243;][\/vc_column][vc_column bg_color=\u00bb#00783f\u00bb column_padding=\u00bbpadding-3&#8243; column_center=\u00bbtrue\u00bb text_color=\u00bblight\u00bb width=\u00bb1\/3&#8243;][vc_column_text]Colaborando con Bicicletas Sin Fronteras, podemos aprovechar nuestros recursos, conocimientos y relaciones para alcanzar un impacto duradero y sostenible. Estamos convencidos de que, juntos, podemos hacer una verdadera diferencia en las vidas de aquellos que m\u00e1s lo necesitan.[\/vc_column_text][\/vc_column][vc_column bg_image=\u00bb16619&#8243; column_padding=\u00bbpadding-5&#8243; column_center=\u00bbtrue\u00bb width=\u00bb1\/3&#8243;][\/vc_column][\/vc_row][vc_row top_padding=\u00bb100&#8243; bottom_padding=\u00bb100&#8243;][vc_column width=\u00bb2\/3&#8243;][\/vc_column][vc_column text_align=\u00bbright\u00bb width=\u00bb1\/3&#8243;][vc_column_text] [\/vc_column_text][\/vc_column][\/vc_row][vc_row bg_color=\u00bb#163e35&#8243; text_color=\u00bblight\u00bb text_align=\u00bbcenter\u00bb top_padding=\u00bb120&#8243; bottom_padding=\u00bb120&#8243;][vc_column width=\u00bb1\/1&#8243;][vc_column_text][\/vc_column_text][\/vc_column][\/vc_row]<\/p>\n","protected":false},"author":7,"featured_media":0,"parent":0,"menu_order":0,"comment_status":"closed","ping_status":"closed","template":"","meta":{"footnotes":""},"class_list":["post-16655","page","type-page","status-publish","hentry"],"_links":{"self":[{"href":"https:\/\/www.afryglobalchannel.com\/es\/wp-json\/wp\/v2\/pages\/16655","targetHints":{"allow":["GET"]}}],"collection":[{"href":"https:\/\/www.afryglobalchannel.com\/es\/wp-json\/wp\/v2\/pages"}],"about":[{"href":"https:\/\/www.afryglobalchannel.com\/es\/wp-json\/wp\/v2\/types\/page"}],"author":[{"embeddable":true,"href":"https:\/\/www.afryglobalchannel.com\/es\/wp-json\/wp\/v2\/users\/7"}],"replies":[{"embeddable":true,"href":"https:\/\/www.afryglobalchannel.com\/es\/wp-json\/wp\/v2\/comments?post=16655"}],"version-history":[{"count":0,"href":"https:\/\/www.afryglobalchannel.com\/es\/wp-json\/wp\/v2\/pages\/16655\/revisions"}],"wp:attachment":[{"href":"https:\/\/www.afryglobalchannel.com\/es\/wp-json\/wp\/v2\/media?parent=16655"}],"curies":[{"name":"wp","href":"https:\/\/api.w.org\/{rel}","templated":true}]}}